{"id":249,"date":"2023-11-10T14:27:49","date_gmt":"2023-11-10T14:27:49","guid":{"rendered":"https:\/\/gerberhaus-klimaschutz.at\/?page_id=249"},"modified":"2025-04-18T06:32:30","modified_gmt":"2025-04-18T06:32:30","slug":"wir-helfen","status":"publish","type":"page","link":"https:\/\/gerberhaus-klimaschutz.at\/?page_id=249","title":{"rendered":"Wir-helfen"},"content":{"rendered":"\n<div style=\"height:100px\" aria-hidden=\"true\" class=\"wp-block-spacer\"><\/div>\n\n\n\n<p>DI Sepp Schreiner:<\/p>\n\n\n\n<h2 class=\"wp-block-heading\">\u201eWir machen Kultur, engagieren uns f\u00fcr Klimaschutz, wir helfen!\u201c<\/h2>\n\n\n\n<p>\u201eWir engagieren uns f\u00fcr Klimaschutz. Wir setzen uns f\u00fcr den Schutz der \u00fcberlebenswichtigen tropischen Regenw\u00e4lder ein. Ich kenne Brasilien von der Arbeit als junger Agraringenieur und bin mit den heutigen Geschehnissen am Amazonas \u00fcber meine brasilianischen Kollegen umfassend informiert.<\/p>\n\n\n\n<p>Wir unterst\u00fctzen Menschen und Organisationen, die sich der gigantischen Umweltzerst\u00f6rung am Amazonas mutig entgegensetzen. Wir berichten, \u00fcbersetzen, kl\u00e4ren auf und helfen in Not geratenen Menschen.&nbsp;<\/p>\n\n\n\n<h3 class=\"wp-block-heading\">Gerberhaus \u2013 we care.<\/h3>\n\n\n\n<p>Knapp die H\u00e4lfte des j\u00e4hrlichen brasilianischen CO\u2082-Aussto\u00dfes ist auf zehntausende illegale Waldbr\u00e4nde zur\u00fcckzuf\u00fchren. Tendenz der letzten 10 Jahre wieder stark steigend.&nbsp; Indigene V\u00f6lker, die seit Jahrtausenden im Regenwald leben sind aufmerksame W\u00e4chter dieses unendlich wertvollen Biotops. Sie gilt es zu unterst\u00fctzen! Ein Kippen des weltweit letzten gro\u00dfes tropischen Regenwaldes w\u00fcrde alle UN-Klimastabilisierungsbem\u00fchungen zunichtemachen. Es geht um unser aller Wertvollstes. Das Leben unserer Kinder und Enkel.<\/p>\n\n\n\n<h3 class=\"wp-block-heading\">Klimaschutz jetzt. Raus aus \u00d6l &amp; Gas, hin zu Wind &amp; Sonne!<\/h3>\n\n\n\n<p>In jeder \u00fcber Gerberhaus Kultur regul\u00e4r verkauften Theater-\/Konzertkarte ist ein Klimaschutzbeitrag von \u20ac 5,- enthalten. Daf\u00fcr danken wir unserem treuen Publikum. Wir werden 2024 erstmals die Marke von \u20ac 100.000,- f\u00fcr Klimaschutz- und Hilfsprojekte \u00fcberschreiten. Unterst\u00fctzen Sie uns!\u201c<\/p>\n\n\n\n<div class=\"wp-block-buttons is-content-justification-left is-layout-flex wp-container-core-buttons-is-layout-fc4fd283 wp-block-buttons-is-layout-flex\">\n<div class=\"wp-block-button\"><a class=\"wp-block-button__link wp-element-button\" href=\"https:\/\/gerberhaus.at\">www.gerberhaus.at<\/a><\/div>\n\n\n\n<div class=\"wp-block-button\"><a class=\"wp-block-button__link wp-element-button\" href=\"http:\/\/www.felsentheater.com\">www.felsentheater.com<\/a><\/div>\n<\/div>\n\n\n\n<div style=\"height:100px\" aria-hidden=\"true\" class=\"wp-block-spacer\"><\/div>\n\n\n\n<div class=\"wp-block-group alignfull has-accent-4-background-color has-background has-global-padding is-layout-constrained wp-container-core-group-is-layout-d89aad35 wp-block-group-is-layout-constrained\" style=\"margin-top:0;margin-bottom:0;padding-top:var(--wp--preset--spacing--50);padding-right:var(--wp--preset--spacing--50);padding-bottom:var(--wp--preset--spacing--50);padding-left:var(--wp--preset--spacing--50)\">\n<div class=\"wp-block-columns alignwide is-layout-flex wp-container-core-columns-is-layout-1da03c2a wp-block-columns-is-layout-flex\">\n<div class=\"wp-block-column is-vertically-aligned-center is-layout-flow wp-block-column-is-layout-flow\" style=\"flex-basis:60%\">\n<figure class=\"wp-block-image size-large has-custom-border\"><img loading=\"lazy\" decoding=\"async\" width=\"1024\" height=\"563\" src=\"https:\/\/gerberhaus-klimaschutz.at\/wp-content\/uploads\/2023\/11\/Sepp_Schreiner-1024x563.jpg\" alt=\"\" class=\"wp-image-219\" style=\"border-radius:20px\" srcset=\"https:\/\/gerberhaus-klimaschutz.at\/wp-content\/uploads\/2023\/11\/Sepp_Schreiner-1024x563.jpg 1024w, https:\/\/gerberhaus-klimaschutz.at\/wp-content\/uploads\/2023\/11\/Sepp_Schreiner-300x165.jpg 300w, https:\/\/gerberhaus-klimaschutz.at\/wp-content\/uploads\/2023\/11\/Sepp_Schreiner-768x423.jpg 768w, https:\/\/gerberhaus-klimaschutz.at\/wp-content\/uploads\/2023\/11\/Sepp_Schreiner-1536x845.jpg 1536w, https:\/\/gerberhaus-klimaschutz.at\/wp-content\/uploads\/2023\/11\/Sepp_Schreiner-2048x1127.jpg 2048w\" sizes=\"auto, (max-width: 1024px) 100vw, 1024px\" \/><\/figure>\n<\/div>\n\n\n\n<div class=\"wp-block-column is-layout-flow wp-block-column-is-layout-flow\" style=\"flex-basis:40%\">\n<h3 class=\"wp-block-heading\">DI Sepp Schreiner <\/h3>\n\n\n\n<p><strong>1974-79<\/strong>&nbsp;Hochschule f\u00fcr Bodenkultur Wien<\/p>\n\n\n\n<p><strong>2 Jahre<\/strong>&nbsp;UFV Universit\u00e4t Vi\u00e7osa, Brasilien<\/p>\n\n\n\n<p><strong>1979-89<\/strong>&nbsp;internationale Arbeit im Bereich Bioenergie, Aufforstung, Holzpyrolyse<\/p>\n\n\n\n<p><strong>seit 1989<\/strong>&nbsp;Kulturmanagement<\/p>\n<\/div>\n<\/div>\n<\/div>\n\n\n\n<div style=\"height:100px\" aria-hidden=\"true\" class=\"wp-block-spacer\"><\/div>\n\n\n\n<hr class=\"wp-block-separator alignwide has-alpha-channel-opacity\"\/>\n\n\n\n<div style=\"height:59px\" aria-hidden=\"true\" class=\"wp-block-spacer\"><\/div>\n\n\n\n<h3 class=\"wp-block-heading has-text-align-center\">Weitere Projekte <\/h3>\n\n\n\n<div style=\"height:59px\" aria-hidden=\"true\" class=\"wp-block-spacer\"><\/div>\n\n\n\n<h2 class=\"wp-block-heading alignwide has-text-align-center\">\u20ac 10.000,- Spende f\u00fcr das Rote Kreuz\/Ukraine-Hilfe<\/h2>\n\n\n\n<figure class=\"wp-block-image size-large\"><img loading=\"lazy\" decoding=\"async\" width=\"1024\" height=\"683\" src=\"https:\/\/gerberhaus-klimaschutz.at\/wp-content\/uploads\/2025\/04\/GerberhausWeihnachtsgala2024_052-1-1024x683.jpg\" alt=\"\" class=\"wp-image-667\" srcset=\"https:\/\/gerberhaus-klimaschutz.at\/wp-content\/uploads\/2025\/04\/GerberhausWeihnachtsgala2024_052-1-1024x683.jpg 1024w, https:\/\/gerberhaus-klimaschutz.at\/wp-content\/uploads\/2025\/04\/GerberhausWeihnachtsgala2024_052-1-300x200.jpg 300w, https:\/\/gerberhaus-klimaschutz.at\/wp-content\/uploads\/2025\/04\/GerberhausWeihnachtsgala2024_052-1-768x512.jpg 768w, https:\/\/gerberhaus-klimaschutz.at\/wp-content\/uploads\/2025\/04\/GerberhausWeihnachtsgala2024_052-1-1536x1024.jpg 1536w, https:\/\/gerberhaus-klimaschutz.at\/wp-content\/uploads\/2025\/04\/GerberhausWeihnachtsgala2024_052-1-2048x1366.jpg 2048w\" sizes=\"auto, (max-width: 1024px) 100vw, 1024px\" \/><\/figure>\n\n\n\n<p>Im Rahmen der Gerberhaus Weihnachtsgala am 11.12.2024 \u00fcberreichte Sepp Schreiner (Gerberhaus Kultur) einen Spendenscheck in der H\u00f6he von \u20ac 10.000,- an Herrn Prof. DDr. Gerald Sch\u00f6pfer (Pr\u00e4sident \u00d6sterreichisches Rotes Kreuz).<\/p>\n\n\n\n<div style=\"height:59px\" aria-hidden=\"true\" class=\"wp-block-spacer\"><\/div>\n\n\n\n<h2 class=\"wp-block-heading alignwide has-text-align-center\">\u20ac 5.000,- Spende an die ORF-Initiative &#8220;\u00d6sterreich hilft \u00d6sterreich&#8221;<\/h2>\n\n\n\n<div style=\"height:20px\" aria-hidden=\"true\" class=\"wp-block-spacer\"><\/div>\n\n\n\n<figure class=\"wp-block-image size-large\"><img loading=\"lazy\" decoding=\"async\" width=\"1024\" height=\"576\" src=\"https:\/\/gerberhaus-klimaschutz.at\/wp-content\/uploads\/2024\/09\/SPENDENSCHECK-2-1024x576.png\" alt=\"\" class=\"wp-image-623\" srcset=\"https:\/\/gerberhaus-klimaschutz.at\/wp-content\/uploads\/2024\/09\/SPENDENSCHECK-2-1024x576.png 1024w, https:\/\/gerberhaus-klimaschutz.at\/wp-content\/uploads\/2024\/09\/SPENDENSCHECK-2-300x169.png 300w, https:\/\/gerberhaus-klimaschutz.at\/wp-content\/uploads\/2024\/09\/SPENDENSCHECK-2-768x432.png 768w, https:\/\/gerberhaus-klimaschutz.at\/wp-content\/uploads\/2024\/09\/SPENDENSCHECK-2-1536x864.png 1536w, https:\/\/gerberhaus-klimaschutz.at\/wp-content\/uploads\/2024\/09\/SPENDENSCHECK-2.png 1920w\" sizes=\"auto, (max-width: 1024px) 100vw, 1024px\" \/><\/figure>\n\n\n\n<p>Klimaschutzbedingte Desaster wie lebensgef\u00e4hrliche Extremtemperaturen, monatelange D\u00fcrren und nie da gewesene \u00dcberschwemmungen, werden rund um den Globus immer h\u00e4ufiger und sp\u00fcrbarer. Die L\u00f6sungen, wie wir die weltweite Klimakrise in den Griff bekommen k\u00f6nnen, sind l\u00e4ngst bekannt. Sie werden ignoriert, kleingeredet oder bewusst falsch dargestellt. Die Zeit des Lavierens, der Lippenbekenntnisse, des Hinausz\u00f6gerns ist vorbei. Raus aus \u00d6l, Gas und Kohle. Hin zu Wind-, Sonnen-, und Wasserkraft!<\/p>\n\n\n\n<p>Auch wir reihen uns ein und unterst\u00fctzen die ORF-Aktion \u201e\u00d6sterreich hilft \u00d6sterreich.\u201c<\/p>\n\n\n\n<div style=\"height:100px\" aria-hidden=\"true\" class=\"wp-block-spacer\"><\/div>\n\n\n\n<h2 class=\"wp-block-heading alignwide has-text-align-center\">\u20ac 10.000,- Spende f\u00fcr das Rote Kreuz\/Ukraine-Hilfe<\/h2>\n\n\n\n<div style=\"height:20px\" aria-hidden=\"true\" class=\"wp-block-spacer\"><\/div>\n\n\n\n<figure class=\"wp-block-image size-large\"><img loading=\"lazy\" decoding=\"async\" width=\"1024\" height=\"683\" src=\"https:\/\/gerberhaus-klimaschutz.at\/wp-content\/uploads\/2024\/01\/web_LuxundLumen_Marlene_Froehlich_600A7798-1-1024x683.jpg\" alt=\"\" class=\"wp-image-438\" srcset=\"https:\/\/gerberhaus-klimaschutz.at\/wp-content\/uploads\/2024\/01\/web_LuxundLumen_Marlene_Froehlich_600A7798-1-1024x683.jpg 1024w, https:\/\/gerberhaus-klimaschutz.at\/wp-content\/uploads\/2024\/01\/web_LuxundLumen_Marlene_Froehlich_600A7798-1-300x200.jpg 300w, https:\/\/gerberhaus-klimaschutz.at\/wp-content\/uploads\/2024\/01\/web_LuxundLumen_Marlene_Froehlich_600A7798-1-768x512.jpg 768w, https:\/\/gerberhaus-klimaschutz.at\/wp-content\/uploads\/2024\/01\/web_LuxundLumen_Marlene_Froehlich_600A7798-1.jpg 1500w\" sizes=\"auto, (max-width: 1024px) 100vw, 1024px\" \/><\/figure>\n\n\n\n<p>Im Rahmen der Gerberhaus Weihnachtsgala am 12.12.2023 \u00fcberreichte Sepp Schreiner (Gerberhaus Kultur) bereits zum zweiten Mal einen Spendenscheck in der H\u00f6he von \u20ac 10.000,- an Herrn Prof. DDr. Gerald Sch\u00f6pfer (Pr\u00e4sident \u00d6sterreichisches Rotes Kreuz). <a href=\"https:\/\/youtu.be\/xT48wWAauTw\">-&gt; Video<\/a><\/p>\n\n\n\n<div style=\"height:100px\" aria-hidden=\"true\" class=\"wp-block-spacer\"><\/div>\n\n\n\n<h2 class=\"wp-block-heading alignwide has-text-align-center\">Kooperation mit Amaz\u00f4nia Real<\/h2>\n\n\n\n<div style=\"height:20px\" aria-hidden=\"true\" class=\"wp-block-spacer\"><\/div>\n\n\n\n<div class=\"wp-block-columns is-layout-flex wp-container-core-columns-is-layout-28f84493 wp-block-columns-is-layout-flex\">\n<div class=\"wp-block-column is-layout-flow wp-block-column-is-layout-flow\">\n<figure class=\"wp-block-image size-large\"><img loading=\"lazy\" decoding=\"async\" width=\"885\" height=\"1024\" src=\"https:\/\/gerberhaus-klimaschutz.at\/wp-content\/uploads\/2023\/11\/Amazonia-Real-885x1024.jpeg\" alt=\"\" class=\"wp-image-255\" srcset=\"https:\/\/gerberhaus-klimaschutz.at\/wp-content\/uploads\/2023\/11\/Amazonia-Real-885x1024.jpeg 885w, https:\/\/gerberhaus-klimaschutz.at\/wp-content\/uploads\/2023\/11\/Amazonia-Real-259x300.jpeg 259w, https:\/\/gerberhaus-klimaschutz.at\/wp-content\/uploads\/2023\/11\/Amazonia-Real-768x888.jpeg 768w, https:\/\/gerberhaus-klimaschutz.at\/wp-content\/uploads\/2023\/11\/Amazonia-Real-1328x1536.jpeg 1328w, https:\/\/gerberhaus-klimaschutz.at\/wp-content\/uploads\/2023\/11\/Amazonia-Real-1770x2048.jpeg 1770w\" sizes=\"auto, (max-width: 885px) 100vw, 885px\" \/><\/figure>\n<\/div>\n\n\n\n<div class=\"wp-block-column is-layout-flow wp-block-column-is-layout-flow\">\n<p>Gerberhaus ist Partner von Amaz\u00f4nia Real und unterst\u00fctzt die wertvolle Berichterstattung durch das Investigativ-Portal &nbsp;<a href=\"https:\/\/amazoniareal.com.br\/\">amazoniareal.com.br<\/a>.<\/p>\n<\/div>\n<\/div>\n\n\n\n<div style=\"height:100px\" aria-hidden=\"true\" class=\"wp-block-spacer\"><\/div>\n\n\n\n<h2 class=\"wp-block-heading alignwide has-text-align-center\">\u20ac 10.000,- Unterst\u00fctzung f\u00fcr das Klimab\u00fcndnis Schutzprojekt Rio Negro<\/h2>\n\n\n\n<div style=\"height:20px\" aria-hidden=\"true\" class=\"wp-block-spacer\"><\/div>\n\n\n\n<figure class=\"wp-block-image size-large\"><img loading=\"lazy\" decoding=\"async\" width=\"1024\" height=\"683\" src=\"https:\/\/gerberhaus-klimaschutz.at\/wp-content\/uploads\/2023\/11\/10.000-Euro-fuer-Indigene_Amazonia-Real-1024x683.jpg\" alt=\"\" class=\"wp-image-254\" srcset=\"https:\/\/gerberhaus-klimaschutz.at\/wp-content\/uploads\/2023\/11\/10.000-Euro-fuer-Indigene_Amazonia-Real-1024x683.jpg 1024w, https:\/\/gerberhaus-klimaschutz.at\/wp-content\/uploads\/2023\/11\/10.000-Euro-fuer-Indigene_Amazonia-Real-300x200.jpg 300w, https:\/\/gerberhaus-klimaschutz.at\/wp-content\/uploads\/2023\/11\/10.000-Euro-fuer-Indigene_Amazonia-Real-768x512.jpg 768w, https:\/\/gerberhaus-klimaschutz.at\/wp-content\/uploads\/2023\/11\/10.000-Euro-fuer-Indigene_Amazonia-Real-1536x1024.jpg 1536w, https:\/\/gerberhaus-klimaschutz.at\/wp-content\/uploads\/2023\/11\/10.000-Euro-fuer-Indigene_Amazonia-Real.jpg 1620w\" sizes=\"auto, (max-width: 1024px) 100vw, 1024px\" \/><\/figure>\n\n\n\n<p>Gerberhaus hat das Indigenen-Hilfsprojekt der \u00f6sterreichischen Klimab\u00fcndnis-Gemeinden mit&nbsp;\u20ac 10.000,- finanziell unterst\u00fctzt.<\/p>\n\n\n\n<div style=\"height:100px\" aria-hidden=\"true\" class=\"wp-block-spacer\"><\/div>\n\n\n\n<h2 class=\"wp-block-heading alignwide has-text-align-center\">\u20ac 10.000,- Spende f\u00fcr das Rote Kreuz\/Ukraine-Hilfe<\/h2>\n\n\n\n<div style=\"height:20px\" aria-hidden=\"true\" class=\"wp-block-spacer\"><\/div>\n\n\n\n<figure class=\"wp-block-image size-large\"><img loading=\"lazy\" decoding=\"async\" width=\"1024\" height=\"630\" src=\"https:\/\/gerberhaus-klimaschutz.at\/wp-content\/uploads\/2023\/11\/10.000-Euro-Ukrainehilfe-1024x630.jpg\" alt=\"\" class=\"wp-image-253\" srcset=\"https:\/\/gerberhaus-klimaschutz.at\/wp-content\/uploads\/2023\/11\/10.000-Euro-Ukrainehilfe-1024x630.jpg 1024w, https:\/\/gerberhaus-klimaschutz.at\/wp-content\/uploads\/2023\/11\/10.000-Euro-Ukrainehilfe-300x185.jpg 300w, https:\/\/gerberhaus-klimaschutz.at\/wp-content\/uploads\/2023\/11\/10.000-Euro-Ukrainehilfe-768x473.jpg 768w, https:\/\/gerberhaus-klimaschutz.at\/wp-content\/uploads\/2023\/11\/10.000-Euro-Ukrainehilfe-1536x945.jpg 1536w, https:\/\/gerberhaus-klimaschutz.at\/wp-content\/uploads\/2023\/11\/10.000-Euro-Ukrainehilfe-2048x1260.jpg 2048w\" sizes=\"auto, (max-width: 1024px) 100vw, 1024px\" \/><\/figure>\n\n\n\n<p>Univ.-Prof. DDr. Sch\u00f6pfer, seines Zeichens Pr\u00e4sident des \u00d6sterreichischen Roten Kreuzes, hat am Samstag, 19.03.2022 den Gerberhaus-Spendenscheck in H\u00f6he von \u20ac 10.000,- entgegengenommen.<\/p>\n\n\n\n<div style=\"height:100px\" aria-hidden=\"true\" class=\"wp-block-spacer\"><\/div>\n","protected":false},"excerpt":{"rendered":"<p>DI Sepp Schreiner: \u201eWir machen Kultur, engagieren uns f\u00fcr Klimaschutz, wir helfen!\u201c \u201eWir engagieren uns f\u00fcr Klimaschutz. Wir setzen uns f\u00fcr den Schutz der \u00fcberlebenswichtigen tropischen Regenw\u00e4lder ein. Ich kenne Brasilien von der Arbeit als junger Agraringenieur und bin mit den heutigen Geschehnissen am Amazonas \u00fcber meine brasilianischen Kollegen umfassend informiert. Wir unterst\u00fctzen Menschen und [&hellip;]<\/p>\n","protected":false},"author":1,"featured_media":0,"parent":0,"menu_order":0,"comment_status":"closed","ping_status":"closed","template":"page-no-title","meta":{"_monsterinsights_skip_tracking":false,"_monsterinsights_sitenote_active":false,"_monsterinsights_sitenote_note":"","_monsterinsights_sitenote_category":0,"footnotes":""},"class_list":["post-249","page","type-page","status-publish","hentry"],"_links":{"self":[{"href":"https:\/\/gerberhaus-klimaschutz.at\/index.php?rest_route=\/wp\/v2\/pages\/249","targetHints":{"allow":["GET"]}}],"collection":[{"href":"https:\/\/gerberhaus-klimaschutz.at\/index.php?rest_route=\/wp\/v2\/pages"}],"about":[{"href":"https:\/\/gerberhaus-klimaschutz.at\/index.php?rest_route=\/wp\/v2\/types\/page"}],"author":[{"embeddable":true,"href":"https:\/\/gerberhaus-klimaschutz.at\/index.php?rest_route=\/wp\/v2\/users\/1"}],"replies":[{"embeddable":true,"href":"https:\/\/gerberhaus-klimaschutz.at\/index.php?rest_route=%2Fwp%2Fv2%2Fcomments&post=249"}],"version-history":[{"count":55,"href":"https:\/\/gerberhaus-klimaschutz.at\/index.php?rest_route=\/wp\/v2\/pages\/249\/revisions"}],"predecessor-version":[{"id":669,"href":"https:\/\/gerberhaus-klimaschutz.at\/index.php?rest_route=\/wp\/v2\/pages\/249\/revisions\/669"}],"wp:attachment":[{"href":"https:\/\/gerberhaus-klimaschutz.at\/index.php?rest_route=%2Fwp%2Fv2%2Fmedia&parent=249"}],"curies":[{"name":"wp","href":"https:\/\/api.w.org\/{rel}","templated":true}]}}