{"id":279,"date":"2023-11-10T15:21:34","date_gmt":"2023-11-10T15:21:34","guid":{"rendered":"https:\/\/gerberhaus-klimaschutz.at\/?page_id=279"},"modified":"2023-11-10T15:35:20","modified_gmt":"2023-11-10T15:35:20","slug":"impressum","status":"publish","type":"page","link":"https:\/\/gerberhaus-klimaschutz.at\/?page_id=279","title":{"rendered":"Impressum"},"content":{"rendered":"\n<div style=\"height:100px\" aria-hidden=\"true\" class=\"wp-block-spacer\"><\/div>\n\n\n\n<h2 class=\"wp-block-heading\">Impressum<\/h2>\n\n\n\n<div style=\"height:100px\" aria-hidden=\"true\" class=\"wp-block-spacer\"><\/div>\n\n\n\n<p>DIPL. ING. JOSEF SCHREINER GMBH<br>Ortenhofenstra\u00dfe 59<br>8225 P\u00f6llau\/Austria<br>Telefon gratis aus ganz \u00d6sterreich: 0800 608618<br>Telefon International: +43 3335 3962<\/p>\n\n\n\n<p>Firmenname: DI Josef Schreiner GmbH<br>Unternehmensbezeichnung:<br>DIPL. ING. JOSEF SCHREINER GMBH<br>Adresse: Ortenhofenstra\u00dfe 59, 8225 P\u00f6llau<br>Telefon: +43 3335 3962<br>E-Mail: schreiner@gerberhaus.at<br>UID-Nummer: ATU 29187402<\/p>\n\n\n\n<p>Firmenbuchnummer: FN70271S<br>Firmengericht:Landesgericht f\u00fcr ZRS Graz<br>Beh\u00f6rde gem. ECG (E-Commerce Gesetz): Bezirkshauptmannschaft Hartberg<br>Weitere Aufsichtsbeh\u00f6rde (gem. ECG): keine<br>Anwendbare Rechtsvorschriften: Gewerbeordnung 1994<br>Zugang zu gewerbe- oder berufsrechtlichen Vorschriften: http:\/\/ris.bka.gv.at<br>Rechtsform: GmbH<br>Sonstige Informationen nach \u00a714 UGB: keine<br>Mitglied der Wirtschaftskammer: Steiermark<\/p>\n\n\n\n<div style=\"height:100px\" aria-hidden=\"true\" class=\"wp-block-spacer\"><\/div>\n","protected":false},"excerpt":{"rendered":"<p>Impressum DIPL. ING. JOSEF SCHREINER GMBHOrtenhofenstra\u00dfe 598225 P\u00f6llau\/AustriaTelefon gratis aus ganz \u00d6sterreich: 0800 608618Telefon International: +43 3335 3962 Firmenname: DI Josef Schreiner GmbHUnternehmensbezeichnung:DIPL. ING. JOSEF SCHREINER GMBHAdresse: Ortenhofenstra\u00dfe 59, 8225 P\u00f6llauTelefon: +43 3335 3962E-Mail: schreiner@gerberhaus.atUID-Nummer: ATU 29187402 Firmenbuchnummer: FN70271SFirmengericht:Landesgericht f\u00fcr ZRS GrazBeh\u00f6rde gem. ECG (E-Commerce Gesetz): Bezirkshauptmannschaft HartbergWeitere Aufsichtsbeh\u00f6rde (gem. ECG): keineAnwendbare Rechtsvorschriften: Gewerbeordnung 1994Zugang [&hellip;]<\/p>\n","protected":false},"author":1,"featured_media":0,"parent":0,"menu_order":0,"comment_status":"closed","ping_status":"closed","template":"page-no-title","meta":{"_monsterinsights_skip_tracking":false,"_monsterinsights_sitenote_active":false,"_monsterinsights_sitenote_note":"","_monsterinsights_sitenote_category":0,"footnotes":""},"class_list":["post-279","page","type-page","status-publish","hentry"],"_links":{"self":[{"href":"https:\/\/gerberhaus-klimaschutz.at\/index.php?rest_route=\/wp\/v2\/pages\/279","targetHints":{"allow":["GET"]}}],"collection":[{"href":"https:\/\/gerberhaus-klimaschutz.at\/index.php?rest_route=\/wp\/v2\/pages"}],"about":[{"href":"https:\/\/gerberhaus-klimaschutz.at\/index.php?rest_route=\/wp\/v2\/types\/page"}],"author":[{"embeddable":true,"href":"https:\/\/gerberhaus-klimaschutz.at\/index.php?rest_route=\/wp\/v2\/users\/1"}],"replies":[{"embeddable":true,"href":"https:\/\/gerberhaus-klimaschutz.at\/index.php?rest_route=%2Fwp%2Fv2%2Fcomments&post=279"}],"version-history":[{"count":9,"href":"https:\/\/gerberhaus-klimaschutz.at\/index.php?rest_route=\/wp\/v2\/pages\/279\/revisions"}],"predecessor-version":[{"id":299,"href":"https:\/\/gerberhaus-klimaschutz.at\/index.php?rest_route=\/wp\/v2\/pages\/279\/revisions\/299"}],"wp:attachment":[{"href":"https:\/\/gerberhaus-klimaschutz.at\/index.php?rest_route=%2Fwp%2Fv2%2Fmedia&parent=279"}],"curies":[{"name":"wp","href":"https:\/\/api.w.org\/{rel}","templated":true}]}}