{"id":427,"date":"2023-12-29T14:54:34","date_gmt":"2023-12-29T14:54:34","guid":{"rendered":"https:\/\/gerberhaus-klimaschutz.at\/?page_id=427"},"modified":"2024-09-19T06:44:46","modified_gmt":"2024-09-19T06:44:46","slug":"videos","status":"publish","type":"page","link":"https:\/\/gerberhaus-klimaschutz.at\/?page_id=427","title":{"rendered":"Videos"},"content":{"rendered":"\n<h2 class=\"wp-block-heading\">Umweltverbrechen am Amazonas<\/h2>\n\n\n\n<div class=\"wp-block-media-text is-stacked-on-mobile\" style=\"grid-template-columns:15% auto\"><figure class=\"wp-block-media-text__media\"><img loading=\"lazy\" decoding=\"async\" width=\"224\" height=\"225\" src=\"https:\/\/gerberhaus-klimaschutz.at\/wp-content\/uploads\/2024\/09\/images-1.png\" alt=\"\" class=\"wp-image-620 size-full\" srcset=\"https:\/\/gerberhaus-klimaschutz.at\/wp-content\/uploads\/2024\/09\/images-1.png 224w, https:\/\/gerberhaus-klimaschutz.at\/wp-content\/uploads\/2024\/09\/images-1-150x150.png 150w\" sizes=\"auto, (max-width: 224px) 100vw, 224px\" \/><\/figure><div class=\"wp-block-media-text__content\">\n<p><strong>Illegales Leder<\/strong><\/p>\n\n\n\n<p><a href=\"https:\/\/www.ardmediathek.de\/video\/Y3JpZDovL2Rhc2Vyc3RlLmRlL2FyZC1zdG9yeS8yMDI0LTAzLTI2XzIzLTA1LU1FWg\">Wie deutsche Autobauer den Regenwald bedrohen<\/a><\/p>\n<\/div><\/div>\n\n\n\n<div class=\"wp-block-media-text is-stacked-on-mobile\" style=\"grid-template-columns:15% auto\"><figure class=\"wp-block-media-text__media\"><img loading=\"lazy\" decoding=\"async\" width=\"640\" height=\"369\" src=\"https:\/\/gerberhaus-klimaschutz.at\/wp-content\/uploads\/2024\/03\/Logo-Deutsche-Welle.png\" alt=\"\" class=\"wp-image-488 size-full\" srcset=\"https:\/\/gerberhaus-klimaschutz.at\/wp-content\/uploads\/2024\/03\/Logo-Deutsche-Welle.png 640w, https:\/\/gerberhaus-klimaschutz.at\/wp-content\/uploads\/2024\/03\/Logo-Deutsche-Welle-300x173.png 300w\" sizes=\"auto, (max-width: 640px) 100vw, 640px\" \/><\/figure><div class=\"wp-block-media-text__content\">\n<p><strong>Ist der Regenwald noch zu retten?<\/strong><\/p>\n\n\n\n<p><a href=\"https:\/\/www.dw.com\/de\/brasilien-ist-der-regenwald-am-amazonas-noch-zu-retten\/video-65745474\">Beitrag der Deutschen Welle \u00fcber die Zerst\u00f6rung des Regenwaldes in Brasilien.<\/a><\/p>\n<\/div><\/div>\n\n\n\n<div class=\"wp-block-media-text is-stacked-on-mobile\" style=\"grid-template-columns:15% auto\"><figure class=\"wp-block-media-text__media\"><img loading=\"lazy\" decoding=\"async\" width=\"640\" height=\"441\" src=\"https:\/\/gerberhaus-klimaschutz.at\/wp-content\/uploads\/2024\/03\/Logo-youtube-1.png\" alt=\"\" class=\"wp-image-487 size-full\" srcset=\"https:\/\/gerberhaus-klimaschutz.at\/wp-content\/uploads\/2024\/03\/Logo-youtube-1.png 640w, https:\/\/gerberhaus-klimaschutz.at\/wp-content\/uploads\/2024\/03\/Logo-youtube-1-300x207.png 300w\" sizes=\"auto, (max-width: 640px) 100vw, 640px\" \/><\/figure><div class=\"wp-block-media-text__content\">\n<p><strong>Projekt Bruno und Dom &#8211; Wer pl\u00fcndert den Amazonas?<\/strong><\/p>\n\n\n\n<p><a href=\"https:\/\/www.youtube.com\/watch?v=pAz8aXDzFAI\">Am 5. Juni 2022 wurden der britische Journalist Dom Phillips und sein brasilianischer Guide Bruno Pereira, im Herzen von Brasiliens Javari-Tal ermordet.&nbsp;<\/a>&nbsp;(01:56 Min.)<\/p>\n<\/div><\/div>\n\n\n\n<div class=\"wp-block-media-text is-stacked-on-mobile\" style=\"grid-template-columns:15% auto\"><figure class=\"wp-block-media-text__media\"><img loading=\"lazy\" decoding=\"async\" width=\"640\" height=\"441\" src=\"https:\/\/gerberhaus-klimaschutz.at\/wp-content\/uploads\/2024\/03\/Logo-youtube-1.png\" alt=\"\" class=\"wp-image-487 size-full\" srcset=\"https:\/\/gerberhaus-klimaschutz.at\/wp-content\/uploads\/2024\/03\/Logo-youtube-1.png 640w, https:\/\/gerberhaus-klimaschutz.at\/wp-content\/uploads\/2024\/03\/Logo-youtube-1-300x207.png 300w\" sizes=\"auto, (max-width: 640px) 100vw, 640px\" \/><\/figure><div class=\"wp-block-media-text__content\">\n<p><strong>Vorgangsweise der illegalen Landbesetzer<\/strong><\/p>\n\n\n\n<p><a href=\"https:\/\/www.youtube.com\/watch?v=bQRyZyMCJ48\">Abholzung mit \u00fcberschwerer 80 Meter langen Kette, die von zwei parallel fahrenden Raupenfahrzeugen gezogen wird.<\/a>&nbsp;(02:32 Min.)<\/p>\n<\/div><\/div>\n\n\n\n<div class=\"wp-block-media-text is-stacked-on-mobile\" style=\"grid-template-columns:15% auto\"><figure class=\"wp-block-media-text__media\"><img loading=\"lazy\" decoding=\"async\" width=\"640\" height=\"441\" src=\"https:\/\/gerberhaus-klimaschutz.at\/wp-content\/uploads\/2024\/03\/Logo-youtube-1.png\" alt=\"\" class=\"wp-image-487 size-full\" srcset=\"https:\/\/gerberhaus-klimaschutz.at\/wp-content\/uploads\/2024\/03\/Logo-youtube-1.png 640w, https:\/\/gerberhaus-klimaschutz.at\/wp-content\/uploads\/2024\/03\/Logo-youtube-1-300x207.png 300w\" sizes=\"auto, (max-width: 640px) 100vw, 640px\" \/><\/figure><div class=\"wp-block-media-text__content\">\n<p><strong>Tag wurde zur Nacht: S<a>\u00e3<\/a>o Paulo<\/strong><\/p>\n\n\n\n<p><a href=\"https:\/\/www.youtube.com\/watch?v=sqc7srHtLdU\">20.08.2019: Brand-Hochsaison mehr als 1.000 km entfernt und spezielle Wetter- und Windverfrachtungen, lie\u00dfen die 13 Millionen Metropole Sao Paulo in schwarze Rauchwolken versinken.<\/a>&nbsp;(01:58 Min.)<\/p>\n<\/div><\/div>\n\n\n\n<div class=\"wp-block-media-text is-stacked-on-mobile\" style=\"grid-template-columns:15% auto\"><figure class=\"wp-block-media-text__media\"><img loading=\"lazy\" decoding=\"async\" width=\"644\" height=\"158\" src=\"https:\/\/gerberhaus-klimaschutz.at\/wp-content\/uploads\/2024\/03\/Arte-Logo.png\" alt=\"\" class=\"wp-image-493 size-full\" srcset=\"https:\/\/gerberhaus-klimaschutz.at\/wp-content\/uploads\/2024\/03\/Arte-Logo.png 644w, https:\/\/gerberhaus-klimaschutz.at\/wp-content\/uploads\/2024\/03\/Arte-Logo-300x74.png 300w\" sizes=\"auto, (max-width: 644px) 100vw, 644px\" \/><\/figure><div class=\"wp-block-media-text__content\">\n<p><strong>Klimaver\u00e4nderungen: Abholzung &#8211; Abbrand &#8211; D\u00fcrre<\/strong><\/p>\n\n\n\n<p><a href=\"https:\/\/www.youtube.com\/shorts\/l5k6nSNeJqQ\">Flying Rivers \u2013 Die fliegenden Fl\u00fcsse des Amazonas<\/a><\/p>\n<\/div><\/div>\n\n\n\n<div class=\"wp-block-media-text is-stacked-on-mobile\" style=\"grid-template-columns:15% auto\"><figure class=\"wp-block-media-text__media\"><img loading=\"lazy\" decoding=\"async\" width=\"644\" height=\"158\" src=\"https:\/\/gerberhaus-klimaschutz.at\/wp-content\/uploads\/2024\/03\/Arte-Logo.png\" alt=\"\" class=\"wp-image-493 size-full\" srcset=\"https:\/\/gerberhaus-klimaschutz.at\/wp-content\/uploads\/2024\/03\/Arte-Logo.png 644w, https:\/\/gerberhaus-klimaschutz.at\/wp-content\/uploads\/2024\/03\/Arte-Logo-300x74.png 300w\" sizes=\"auto, (max-width: 644px) 100vw, 644px\" \/><\/figure><div class=\"wp-block-media-text__content\">\n<p><strong>Die H\u00fcter des Waldes<\/strong><\/p>\n\n\n\n<p><a href=\"https:\/\/www.youtube.com\/watch?v=03YqF_paGY8\">Benki Piyako, F\u00fchrer der indigenen Ashaninka, ist ein engagierter K\u00e4mpfer f\u00fcr den Schutz des brasilianischen Urwalds, der durch Klimawandel, Waldbr\u00e4nde und Abholzung bedroht ist.&nbsp; F\u00fcr den Aktivisten sind die spirituellen Wurzeln seiner Ahnen von ebenso gro\u00dfer Bedeutung wie das Wissen um modernste Techniken zur Wiederaufforstung des Waldbestands.<\/a><\/p>\n<\/div><\/div>\n\n\n\n<div class=\"wp-block-media-text is-stacked-on-mobile\" style=\"grid-template-columns:15% auto\"><figure class=\"wp-block-media-text__media\"><img loading=\"lazy\" decoding=\"async\" width=\"640\" height=\"441\" src=\"https:\/\/gerberhaus-klimaschutz.at\/wp-content\/uploads\/2024\/03\/Logo-youtube-1.png\" alt=\"\" class=\"wp-image-487 size-full\" srcset=\"https:\/\/gerberhaus-klimaschutz.at\/wp-content\/uploads\/2024\/03\/Logo-youtube-1.png 640w, https:\/\/gerberhaus-klimaschutz.at\/wp-content\/uploads\/2024\/03\/Logo-youtube-1-300x207.png 300w\" sizes=\"auto, (max-width: 640px) 100vw, 640px\" \/><\/figure><div class=\"wp-block-media-text__content\">\n<p><strong>Der neue Goldrausch am Amazonas<\/strong><\/p>\n\n\n\n<p><a href=\"https:\/\/www.youtube.com\/watch?v=GH1jrOhZnBc\">Seit der Pandemie ist der Goldpreis stark angestiegen, deshalb suchen immer mehr Menschen nach Gold. Auch im Amazonas, illegal in den Schutzgebieten der indigenen Bev\u00f6lkerung, ohne R\u00fccksicht auf die \u00f6kologischen Auswirkungen der Goldsuche.<\/a>&nbsp;(19:56 Min.)<\/p>\n<\/div><\/div>\n\n\n\n<div class=\"wp-block-media-text is-stacked-on-mobile\" style=\"grid-template-columns:15% auto\"><figure class=\"wp-block-media-text__media\"><img loading=\"lazy\" decoding=\"async\" width=\"640\" height=\"441\" src=\"https:\/\/gerberhaus-klimaschutz.at\/wp-content\/uploads\/2024\/03\/Logo-youtube-1.png\" alt=\"\" class=\"wp-image-487 size-full\" srcset=\"https:\/\/gerberhaus-klimaschutz.at\/wp-content\/uploads\/2024\/03\/Logo-youtube-1.png 640w, https:\/\/gerberhaus-klimaschutz.at\/wp-content\/uploads\/2024\/03\/Logo-youtube-1-300x207.png 300w\" sizes=\"auto, (max-width: 640px) 100vw, 640px\" \/><\/figure><div class=\"wp-block-media-text__content\">\n<p><strong>Fliegende Fl\u00fcsse<\/strong><\/p>\n\n\n\n<p><a href=\"https:\/\/www.youtube.com\/watch?v=lG-FrcpFAe8\">\u201eFliegende Fl\u00fcsse\u201c werden die Feuchtigkeitsstr\u00f6me genannt, die aus dem Amazonas-Regenwald aufsteigen und Brasilien bis in den S\u00fcden des Landes mit Regen versorgen, ebenso wie Paraguay, Uruguay und Argentinien. Dieses Naturph\u00e4nomen ist bedroht, wenn immer mehr Regenwald gerodet wird.<\/a><\/p>\n<\/div><\/div>\n\n\n\n<div class=\"wp-block-media-text is-stacked-on-mobile\" style=\"grid-template-columns:15% auto\"><figure class=\"wp-block-media-text__media\"><img loading=\"lazy\" decoding=\"async\" width=\"640\" height=\"441\" src=\"https:\/\/gerberhaus-klimaschutz.at\/wp-content\/uploads\/2024\/03\/Logo-youtube-1.png\" alt=\"\" class=\"wp-image-487 size-full\" srcset=\"https:\/\/gerberhaus-klimaschutz.at\/wp-content\/uploads\/2024\/03\/Logo-youtube-1.png 640w, https:\/\/gerberhaus-klimaschutz.at\/wp-content\/uploads\/2024\/03\/Logo-youtube-1-300x207.png 300w\" sizes=\"auto, (max-width: 640px) 100vw, 640px\" \/><\/figure><div class=\"wp-block-media-text__content\">\n<p><strong>Klimakiller Fleisch<\/strong> (Quelle: Monitor)<\/p>\n\n\n\n<p><a href=\"https:\/\/www.youtube.com\/watch?v=Jd-UNKHvCkw\">Wie Brasiliens W\u00e4lder f\u00fcr unser Tierfutter abgeholzt werden.<\/a><\/p>\n<\/div><\/div>\n\n\n\n<div class=\"wp-block-media-text is-stacked-on-mobile\" style=\"grid-template-columns:15% auto\"><figure class=\"wp-block-media-text__media\"><img loading=\"lazy\" decoding=\"async\" width=\"640\" height=\"441\" src=\"https:\/\/gerberhaus-klimaschutz.at\/wp-content\/uploads\/2024\/03\/Logo-youtube-1.png\" alt=\"\" class=\"wp-image-487 size-full\" srcset=\"https:\/\/gerberhaus-klimaschutz.at\/wp-content\/uploads\/2024\/03\/Logo-youtube-1.png 640w, https:\/\/gerberhaus-klimaschutz.at\/wp-content\/uploads\/2024\/03\/Logo-youtube-1-300x207.png 300w\" sizes=\"auto, (max-width: 640px) 100vw, 640px\" \/><\/figure><div class=\"wp-block-media-text__content\">\n<p><strong>Unter Goldgr\u00e4bern<\/strong> (Quelle: Weltspiegel)<\/p>\n\n\n\n<p><a href=\"https:\/\/www.youtube.com\/watch?v=MrlW6dzK5jg\">Drei Tage im illegalen Camp.<\/a><\/p>\n<\/div><\/div>\n\n\n\n<div style=\"height:100px\" aria-hidden=\"true\" class=\"wp-block-spacer\"><\/div>\n\n\n\n<div class=\"wp-block-columns is-layout-flex wp-container-core-columns-is-layout-28f84493 wp-block-columns-is-layout-flex\">\n<div class=\"wp-block-column is-layout-flow wp-block-column-is-layout-flow\" style=\"flex-basis:100%\"><\/div>\n<\/div>\n","protected":false},"excerpt":{"rendered":"<p>Umweltverbrechen am Amazonas Illegales Leder Wie deutsche Autobauer den Regenwald bedrohen Ist der Regenwald noch zu retten? Beitrag der Deutschen Welle \u00fcber die Zerst\u00f6rung des Regenwaldes in Brasilien. Projekt Bruno und Dom &#8211; Wer pl\u00fcndert den Amazonas? Am 5. Juni 2022 wurden der britische Journalist Dom Phillips und sein brasilianischer Guide Bruno Pereira, im Herzen [&hellip;]<\/p>\n","protected":false},"author":2,"featured_media":0,"parent":0,"menu_order":0,"comment_status":"closed","ping_status":"closed","template":"","meta":{"_monsterinsights_skip_tracking":false,"_monsterinsights_sitenote_active":false,"_monsterinsights_sitenote_note":"","_monsterinsights_sitenote_category":0,"footnotes":""},"class_list":["post-427","page","type-page","status-publish","hentry"],"_links":{"self":[{"href":"https:\/\/gerberhaus-klimaschutz.at\/index.php?rest_route=\/wp\/v2\/pages\/427","targetHints":{"allow":["GET"]}}],"collection":[{"href":"https:\/\/gerberhaus-klimaschutz.at\/index.php?rest_route=\/wp\/v2\/pages"}],"about":[{"href":"https:\/\/gerberhaus-klimaschutz.at\/index.php?rest_route=\/wp\/v2\/types\/page"}],"author":[{"embeddable":true,"href":"https:\/\/gerberhaus-klimaschutz.at\/index.php?rest_route=\/wp\/v2\/users\/2"}],"replies":[{"embeddable":true,"href":"https:\/\/gerberhaus-klimaschutz.at\/index.php?rest_route=%2Fwp%2Fv2%2Fcomments&post=427"}],"version-history":[{"count":13,"href":"https:\/\/gerberhaus-klimaschutz.at\/index.php?rest_route=\/wp\/v2\/pages\/427\/revisions"}],"predecessor-version":[{"id":621,"href":"https:\/\/gerberhaus-klimaschutz.at\/index.php?rest_route=\/wp\/v2\/pages\/427\/revisions\/621"}],"wp:attachment":[{"href":"https:\/\/gerberhaus-klimaschutz.at\/index.php?rest_route=%2Fwp%2Fv2%2Fmedia&parent=427"}],"curies":[{"name":"wp","href":"https:\/\/api.w.org\/{rel}","templated":true}]}}