{"id":633,"date":"2024-09-26T05:52:49","date_gmt":"2024-09-26T05:52:49","guid":{"rendered":"https:\/\/gerberhaus-klimaschutz.at\/?page_id=633"},"modified":"2025-07-24T07:26:43","modified_gmt":"2025-07-24T07:26:43","slug":"teilnahmebedingungen-fur-gewinnspiele-und-verlosungen-von-gerberhaus-kultur","status":"publish","type":"page","link":"https:\/\/gerberhaus-klimaschutz.at\/?page_id=633","title":{"rendered":"Teilnahmebedingungen f\u00fcr Gewinnspiele und Verlosungen von Gerberhaus Kultur"},"content":{"rendered":"\n<p><strong>Teilnahmebedingungen f\u00fcr Gewinnspiele und Verlosungen von Gerberhaus Kultur<\/strong><\/p>\n\n\n\n<p>Veranstalter der Gewinnspiele und Verantwortlicher f\u00fcr den Datenschutz ist Gerberhaus Kultur, Ortenhofenstra\u00dfe 59, 8225 P\u00f6llau. Durch die Teilnahme an Gewinnspielen vor Ort der jeweiligen Veranstaltung von Gerberhaus Kultur stimmt der:die Teilnehmer:in den nachstehenden Teilnahmebedingungen zu und best\u00e4tigt, diese gelesen und verstanden zu haben.<\/p>\n\n\n\n<p>Teilnahmeberechtigt sind alle nat\u00fcrlichen Personen, die im Besitz eines g\u00fcltigen Tickets sind, das 18. Lebensjahr vollendet haben und die zur Teilnahme ben\u00f6tigten Daten korrekt angegeben bzw. ausgef\u00fcllt, sowie alle genannten und erforderlichen Teilnahmebedingungen erf\u00fcllt haben.<\/p>\n\n\n\n<p>Der:die Teilnehmer:in verpflichtet sich zu korrekten Angaben. Die erhobenen Daten dienen der M\u00f6glichkeit der ordnungsgem\u00e4\u00dfen Zustellung der Gewinne.<\/p>\n\n\n\n<p><strong>Datenschutz<\/strong><\/p>\n\n\n\n<p>Verantwortlich f\u00fcr den Datenschutz ist Gerberhaus Kultur. Gerberhaus Kultur respektiert die Privatsph\u00e4re der Teilnehmer:innen. Die folgenden Datenschutzrichtlinien gelten f\u00fcr die Verarbeitung pers\u00f6nlicher Daten der Teilnehmer:innen im Kontext der Gewinnspiele direkt vor Ort der jeweiligen Veranstaltung.<\/p>\n\n\n\n<p>Die Teilnahme an den Gewinnspielen ist freiwillig.<\/p>\n\n\n\n<p>Bei der Teilnahme bzw. Anmeldung k\u00f6nnen seitens Gerberhaus Kultur folgende Daten \u00fcber den:die Teilnehmer:in erhoben werden: Stamm- und Kontaktdaten (Vorname, Nachname, Adresse, PLZ, Ort, E-Mail-Adresse, Telefonnummer, Geschlecht) sowie Interaktionsdaten (Auswahl, Fragebeantwortung).<\/p>\n\n\n\n<p>Mit der Teilnahme am Gewinnspiel stimmt der Teilnehmer:in zu, dass seine\/ihre Daten f\u00fcr die Durchf\u00fchrung des Gewinnspiels, z. B. f\u00fcr die Ermittlung und Verst\u00e4ndigung des:der Gewinner:in und f\u00fcr die Zusendung bzw. Bereitstellung des Gewinns verarbeitet werden.<\/p>\n\n\n\n<p>Mit der Einwilligung des:der Teilnehmer:in verarbeitet Gerberhaus die Stamm- und Kontaktdaten auch zu Marketingzwecken, z. B. f\u00fcr den Versand von Informationen \u00fcber Leistungen und Angebote von Gerberhaus Kultur per Briefpost und\/oder in einem Newsletter. Rechtsgrundlage daf\u00fcr ist die jeweilige Einwilligung (Art. 6 Abs 1 lit a DSGVO).<\/p>\n\n\n\n<p>Die Daten werden grunds\u00e4tzlich nur durch Gerberhaus Kultur verarbeitet und nicht an Dritte weitergegeben. Falls es f\u00fcr die Zusendung bzw. Bereitstellung des Gewinns erforderlich ist, werden die Kontaktdaten der Gewinner:innen an den jeweiligen aus der Gewinnspielbeschreibung ersichtlichen Partner und\/oder an das mit dem Versand bzw. mit der Bereitstellung des Preises betraute Unternehmen \u00fcbermittelt.<\/p>\n\n\n\n<p>Gerberhaus Kultur speichert die Daten so lange in personenbezogener Form, bis das Gewinnspiel durch die Ermittlung und Verst\u00e4ndigung des:der Gewinner:in abgeschlossen ist. Im Fall einer Einwilligung f\u00fcr Marketing werden die Stamm- und Kontaktdaten auf unbestimmte Zeit gespeichert.<\/p>\n\n\n\n<p>Der:die Teilnehmer:in kann die Einwilligung zu Marketingzwecken jederzeit \u00fcber die Adresse office@gerberhaus.at widerrufen.<\/p>\n\n\n\n<p>Falls sich der:die Teilnehmer:in f\u00fcr einen E-Mail-Newsletter anmeldet, verarbeitet Gerberhaus Kultur den Vornamen, Nachnamen, das Geschlecht (f\u00fcr die Anrede) sowie die E-Mail-Adresse f\u00fcr den Versand des Newsletters. F\u00fcr die Datenverarbeitung gilt zus\u00e4tzlich die Datenschutzerkl\u00e4rung f\u00fcr Newsletter.<\/p>\n\n\n\n<p><strong>Ablauf, Gewinnermittlung und Zustellung<\/strong><\/p>\n\n\n\n<p>Die Gewinnermittlung erfolgt durch Ziehung. Die Barabl\u00f6se des Gewinnes ist nicht m\u00f6glich. Das Gewinnspiel endet mit dem Verlassen des Veranstaltungsgel\u00e4ndes. Es k\u00f6nnen keine Gewinner im Nachhinein festgestellt werden. Die Gewinnzustellung erfolgt durch \u00dcbergabe vor Ort bzw. Abholung bzw.die Post.<\/p>\n\n\n\n<p>Gerberhaus Kultur tr\u00e4gt nicht die Kosten oder die Verantwortung f\u00fcr eventuelle lokale, steuerm\u00e4\u00dfige oder sonstige Konsequenzen in Form von Abgaben in Verbindung mit dem Empfang eines Gewinnes von Gerberhaus Kultur. Solche betreffen somit alleinig das Verh\u00e4ltnis zwischen dem:der Einzelnen und den nationalen Steuer- und Abgabenbeh\u00f6rden.<\/p>\n\n\n\n<p><strong>Ablauf Verlosung:<\/strong><\/p>\n\n\n\n<p>Im Rahmen der Einlasskontrolle wird den Besuchern eine individuelle Losnummer zugeteilt\/\u00fcberreicht. Der Loserhalt bedeutet eine Holschuld und keine Bringschuld. Mit dem Los ist der Teilnehmer:in berechtigt an der Verlosung teilzunehmen. W\u00e4hrend der Show werden die Teilnehmer:innen durch die Moderatoren darauf hingewiesen vor Beginn der Ziehung ihre Losnummern bereit zu halten. Die Ziehungen erfolgen, die Losnummern werden ausgerufen und die Gewinner identifizieren sich mit dem jeweiligen Losabschnitt bei den Vertretern von GERBERHAUS Kultur. Nicht entgegen genommene, vergessene, verlorene Losabschnitte kommen einer Nichtteilnahme am Gewinnspiel gleich.<\/p>\n\n\n\n<p>Hauptpreis der Verlosung: BYD-Dolphin Surf. Tritt der Fall ein, dass sich der Inhaber der gezogenen Losnummer nach Ausruf der gezogenen Losnummer nicht meldet, kommt es unverz\u00fcglich zu einer weiteren Ziehung und der Erstgezogene verliert damit automatisch jegliche Anspr\u00fcche auf den Gewinn.<\/p>\n\n\n\n<p>Der Rechtsweg ist ausgeschlossen. Gerberhaus Kultur \u00fcbernimmt keine Haftung im Zusammenhang mit dem Gewinnspiel.<\/p>\n\n\n\n<p><strong>Gewinner:innenverst\u00e4ndigung und -ver\u00f6ffentlichung<\/strong><\/p>\n\n\n\n<p>Die Teilnehmer:innen erkl\u00e4ren sich einverstanden, dass sie im Falle eines Gewinnes durch Ver\u00f6ffentlichung ihres Sitzplatzes\/Nummer direkt vor Ort verst\u00e4ndigt werden. Der:die Teilnehmer:in ist mit einer solchen Ver\u00f6ffentlichung einverstanden.<\/p>\n\n\n\n<p>Sollten die angegebenen Kontaktdaten der Teilnehmer:innen fehlerhaft sein (z. B. E-Mail-Adresse), ist der Veranstalter nicht verpflichtet, richtige Adressen auszuforschen. Etwaige Nachteile, die sich aus der Angabe fehlerhafter Kontaktdaten (z. B. fehlerhafte E-Mail-Adresse) ergeben, gehen zu Lasten der Teilnehmer:innen.<\/p>\n\n\n\n<p>Empf\u00e4nger der \u00fcbermittelten Daten und bereitgestellten Informationen der Teilnehmer:innen ist Gerberhaus Kultur. Weiters beh\u00e4lt sich Gerberhaus Kultur das Recht vor, ohne Vorank\u00fcndigung \u00c4nderungen sowie Erg\u00e4nzungen des Gewinnspiels vorzunehmen oder das Gewinnspiel ganz abzubrechen. Weitere Teilnahmebedingungen (z. B. Art und Dauer des Gewinnspiels, Art und Umfang des Gewinns) werden bei der jeweiligen Veranstaltung und auf www.gerberhaus-klimaschutz.at kommuniziert.<\/p>\n\n\n\n<p><strong>Aktualisierung und \u00c4nderung der Teilnahmebedingungen<\/strong><\/p>\n\n\n\n<p>Gerberhaus Kultur beh\u00e4lt sich das Recht vor, die Teilnahmebedingungen bei Bedarf zu aktualisieren bzw. zu \u00e4ndern, ohne dass Sie vorher benachrichtigt werden. Bitte \u00fcberpr\u00fcfen Sie die Teilnahmebedingungen von Zeit zu Zeit, um bei m\u00f6glichen \u00c4nderungen oder Aktualisierungen auf dem neuesten Stand zu sein.<\/p>\n","protected":false},"excerpt":{"rendered":"<p>Teilnahmebedingungen f\u00fcr Gewinnspiele und Verlosungen von Gerberhaus Kultur Veranstalter der Gewinnspiele und Verantwortlicher f\u00fcr den Datenschutz ist Gerberhaus Kultur, Ortenhofenstra\u00dfe 59, 8225 P\u00f6llau. Durch die Teilnahme an Gewinnspielen vor Ort der jeweiligen Veranstaltung von Gerberhaus Kultur stimmt der:die Teilnehmer:in den nachstehenden Teilnahmebedingungen zu und best\u00e4tigt, diese gelesen und verstanden zu haben. Teilnahmeberechtigt sind alle nat\u00fcrlichen [&hellip;]<\/p>\n","protected":false},"author":1,"featured_media":0,"parent":0,"menu_order":0,"comment_status":"closed","ping_status":"closed","template":"","meta":{"_monsterinsights_skip_tracking":false,"_monsterinsights_sitenote_active":false,"_monsterinsights_sitenote_note":"","_monsterinsights_sitenote_category":0,"footnotes":""},"class_list":["post-633","page","type-page","status-publish","hentry"],"_links":{"self":[{"href":"https:\/\/gerberhaus-klimaschutz.at\/index.php?rest_route=\/wp\/v2\/pages\/633","targetHints":{"allow":["GET"]}}],"collection":[{"href":"https:\/\/gerberhaus-klimaschutz.at\/index.php?rest_route=\/wp\/v2\/pages"}],"about":[{"href":"https:\/\/gerberhaus-klimaschutz.at\/index.php?rest_route=\/wp\/v2\/types\/page"}],"author":[{"embeddable":true,"href":"https:\/\/gerberhaus-klimaschutz.at\/index.php?rest_route=\/wp\/v2\/users\/1"}],"replies":[{"embeddable":true,"href":"https:\/\/gerberhaus-klimaschutz.at\/index.php?rest_route=%2Fwp%2Fv2%2Fcomments&post=633"}],"version-history":[{"count":4,"href":"https:\/\/gerberhaus-klimaschutz.at\/index.php?rest_route=\/wp\/v2\/pages\/633\/revisions"}],"predecessor-version":[{"id":736,"href":"https:\/\/gerberhaus-klimaschutz.at\/index.php?rest_route=\/wp\/v2\/pages\/633\/revisions\/736"}],"wp:attachment":[{"href":"https:\/\/gerberhaus-klimaschutz.at\/index.php?rest_route=%2Fwp%2Fv2%2Fmedia&parent=633"}],"curies":[{"name":"wp","href":"https:\/\/api.w.org\/{rel}","templated":true}]}}